{"id":498,"date":"2024-02-14T11:29:07","date_gmt":"2024-02-14T10:29:07","guid":{"rendered":"https:\/\/hoetgerhof.de\/?page_id=498"},"modified":"2024-09-19T17:21:51","modified_gmt":"2024-09-19T15:21:51","slug":"kontakt","status":"publish","type":"page","link":"https:\/\/hoetgerhof.de\/index.php\/kontakt\/","title":{"rendered":"Kontakt"},"content":{"rendered":"\n<h2 class=\"wp-block-heading has-text-align-center is-style-asterisk has-contrast-color has-text-color has-link-color wp-elements-98200bd10fdacb99e02aebb0abb88872\"><strong>Wir freuen uns auf Ihre Nachricht!<\/strong><\/h2>\n\n\n\n<div style=\"height:9px\" aria-hidden=\"true\" class=\"wp-block-spacer\"><\/div>\n\n\n\n<p class=\"has-text-align-center has-contrast-color has-text-color has-link-color has-system-sans-serif-font-family wp-elements-0cd13c0dd80387b8ab185f0dc6dd1a14\" style=\"margin-top:0;margin-right:0;margin-bottom:0;margin-left:0;padding-top:0;padding-right:0;padding-bottom:0;padding-left:0;font-size:clamp(0.875rem, 0.875rem + ((1vw - 0.2rem) * 0.375), 1.1rem);line-height:1.6\">Sie haben Fragen zur Ferienwohnung, m\u00f6chten im pers\u00f6nlichen Kontakt buchen oder haben Interesse an einer Raummietung im Hoetgerhof? Wir freuen uns von Ihnen zu h\u00f6ren! <\/p>\n\n\n\n<p class=\"has-text-align-center\"><a href=\"mailto:urlaub@hoetgerhof.de\">urlaub@hoetgerhof.de<\/a><br><a href=\"tel:047929898522\">04792 \u2013 9898522<\/a><\/p>\n\n\n\n<div style=\"height:58px\" aria-hidden=\"true\" class=\"wp-block-spacer\"><\/div>\n\n\n\n<div class=\"wpcf7 no-js\" id=\"wpcf7-f497-o1\" lang=\"de-DE\" dir=\"ltr\" data-wpcf7-id=\"497\">\n<div class=\"screen-reader-response\"><p role=\"status\" aria-live=\"polite\" aria-atomic=\"true\"><\/p> <ul><\/ul><\/div>\n<form action=\"\/index.php\/wp-json\/wp\/v2\/pages\/498#wpcf7-f497-o1\" method=\"post\" class=\"wpcf7-form init\" aria-label=\"Kontaktformular\" novalidate=\"novalidate\" data-status=\"init\">\n<fieldset class=\"hidden-fields-container\"><input type=\"hidden\" name=\"_wpcf7\" value=\"497\" \/><input type=\"hidden\" name=\"_wpcf7_version\" value=\"6.1.5\" \/><input type=\"hidden\" name=\"_wpcf7_locale\" value=\"de_DE\" \/><input type=\"hidden\" name=\"_wpcf7_unit_tag\" value=\"wpcf7-f497-o1\" \/><input type=\"hidden\" name=\"_wpcf7_container_post\" value=\"0\" \/><input type=\"hidden\" name=\"_wpcf7_posted_data_hash\" value=\"\" \/>\n<\/fieldset>\n<style>\n.wpcf7 form .wpcf7-response-output {\n margin: 2em 0.5em 1em;\n padding: 0.2em 1em;\n border: 2px solid #00a0d2; \/* Blue *\/\n}\n \n.wpcf7 form.init .wpcf7-response-output {\n display: none;\n}\n \n.wpcf7 form.sent .wpcf7-response-output {\n border-color: #46b450; \/* Green *\/\n}\n \n.wpcf7 form.failed .wpcf7-response-output,\n.wpcf7 form.aborted .wpcf7-response-output {\n border-color: #dc3232; \/* Red *\/\n}\n \n.wpcf7 form.spam .wpcf7-response-output {\n border-color: #f56e28; \/* Orange *\/\n}\n \n.wpcf7 form.invalid .wpcf7-response-output,\n.wpcf7 form.unaccepted .wpcf7-response-output {\n border-color: #ffb900; \/* Yellow *\/\n}\n<\/style>\n<p><label> Name<br \/>\n<span class=\"wpcf7-form-control-wrap\" data-name=\"your-name\"><input size=\"40\" maxlength=\"400\" class=\"wpcf7-form-control wpcf7-text wpcf7-validates-as-required\" autocomplete=\"name\" aria-required=\"true\" aria-invalid=\"false\" value=\"\" type=\"text\" name=\"your-name\" \/><\/span> <\/label>\n<\/p>\n<p><label> E-Mail-Adresse<br \/>\n<span class=\"wpcf7-form-control-wrap\" data-name=\"your-email\"><input size=\"40\" maxlength=\"400\" class=\"wpcf7-form-control wpcf7-email wpcf7-validates-as-required wpcf7-text wpcf7-validates-as-email\" autocomplete=\"email\" aria-required=\"true\" aria-invalid=\"false\" value=\"\" type=\"email\" name=\"your-email\" \/><\/span> <\/label>\n<\/p>\n<p><label> Betreff<br \/>\n<span class=\"wpcf7-form-control-wrap\" data-name=\"your-subject\"><input size=\"40\" maxlength=\"400\" class=\"wpcf7-form-control wpcf7-text wpcf7-validates-as-required\" aria-required=\"true\" aria-invalid=\"false\" value=\"\" type=\"text\" name=\"your-subject\" \/><\/span> <\/label>\n<\/p>\n<p><label> Nachricht<br \/>\n<span class=\"wpcf7-form-control-wrap\" data-name=\"your-message\"><textarea cols=\"40\" rows=\"10\" maxlength=\"2000\" class=\"wpcf7-form-control wpcf7-textarea\" aria-invalid=\"false\" name=\"your-message\"><\/textarea><\/span> <\/label>\n<\/p>\n<p><input class=\"wpcf7-form-control wpcf7-submit has-spinner\" type=\"submit\" value=\"Senden\" \/>\n<\/p><div class=\"wpcf7-response-output\" aria-hidden=\"true\"><\/div>\n<\/form>\n<\/div>\n\n\n\n\n<div style=\"height:58px\" aria-hidden=\"true\" class=\"wp-block-spacer\"><\/div>\n","protected":false},"excerpt":{"rendered":"<p>Wir freuen uns auf Ihre Nachricht! Sie haben Fragen zur Ferienwohnung, m\u00f6chten im pers\u00f6nlichen Kontakt buchen oder haben Interesse an einer Raummietung im Hoetgerhof? Wir freuen uns von Ihnen zu h\u00f6ren! urlaub@hoetgerhof.de04792 \u2013 9898522<\/p>\n","protected":false},"author":1,"featured_media":0,"parent":0,"menu_order":0,"comment_status":"closed","ping_status":"closed","template":"","meta":{"_eb_attr":"","footnotes":""},"class_list":["post-498","page","type-page","status-publish","hentry"],"yoast_head":"<!-- This site is optimized with the Yoast SEO plugin v27.1.1 - https:\/\/yoast.com\/product\/yoast-seo-wordpress\/ -->\n<title>Kontakt - Hoetgerhof<\/title>\n<meta name=\"description\" content=\"Kontakt - Hoetgerhof\" \/>\n<meta name=\"robots\" content=\"index, follow, max-snippet:-1, max-image-preview:large, max-video-preview:-1\" \/>\n<link rel=\"canonical\" href=\"https:\/\/hoetgerhof.de\/index.php\/kontakt\/\" \/>\n<meta property=\"og:locale\" content=\"de_DE\" \/>\n<meta property=\"og:type\" content=\"article\" \/>\n<meta property=\"og:title\" content=\"Kontakt - Hoetgerhof\" \/>\n<meta property=\"og:description\" content=\"Kontakt - Hoetgerhof\" \/>\n<meta property=\"og:url\" content=\"https:\/\/hoetgerhof.de\/index.php\/kontakt\/\" \/>\n<meta property=\"og:site_name\" content=\"Hoetgerhof\" \/>\n<meta property=\"article:modified_time\" content=\"2024-09-19T15:21:51+00:00\" \/>\n<meta property=\"og:image\" content=\"https:\/\/hoetgerhof.de\/wp-content\/uploads\/2023\/11\/logo-2.png\" \/>\n\t<meta property=\"og:image:width\" content=\"2300\" \/>\n\t<meta property=\"og:image:height\" content=\"923\" \/>\n\t<meta property=\"og:image:type\" content=\"image\/png\" \/>\n<meta name=\"twitter:card\" content=\"summary_large_image\" \/>\n<meta name=\"twitter:label1\" content=\"Gesch\u00e4tzte Lesezeit\" \/>\n\t<meta name=\"twitter:data1\" content=\"1\u00a0Minute\" \/>\n<script type=\"application\/ld+json\" class=\"yoast-schema-graph\">{\"@context\":\"https:\/\/schema.org\",\"@graph\":[{\"@type\":\"WebPage\",\"@id\":\"https:\/\/hoetgerhof.de\/index.php\/kontakt\/\",\"url\":\"https:\/\/hoetgerhof.de\/index.php\/kontakt\/\",\"name\":\"Kontakt - Hoetgerhof\",\"isPartOf\":{\"@id\":\"https:\/\/hoetgerhof.de\/#website\"},\"datePublished\":\"2024-02-14T10:29:07+00:00\",\"dateModified\":\"2024-09-19T15:21:51+00:00\",\"description\":\"Kontakt - Hoetgerhof\",\"breadcrumb\":{\"@id\":\"https:\/\/hoetgerhof.de\/index.php\/kontakt\/#breadcrumb\"},\"inLanguage\":\"de\",\"potentialAction\":[{\"@type\":\"ReadAction\",\"target\":[\"https:\/\/hoetgerhof.de\/index.php\/kontakt\/\"]}]},{\"@type\":\"BreadcrumbList\",\"@id\":\"https:\/\/hoetgerhof.de\/index.php\/kontakt\/#breadcrumb\",\"itemListElement\":[{\"@type\":\"ListItem\",\"position\":1,\"name\":\"Startseite\",\"item\":\"https:\/\/hoetgerhof.de\/\"},{\"@type\":\"ListItem\",\"position\":2,\"name\":\"Kontakt\"}]},{\"@type\":\"WebSite\",\"@id\":\"https:\/\/hoetgerhof.de\/#website\",\"url\":\"https:\/\/hoetgerhof.de\/\",\"name\":\"Hoetgerhof\",\"description\":\"Urlaub im begehbaren Kunstwerk\",\"publisher\":{\"@id\":\"https:\/\/hoetgerhof.de\/#organization\"},\"alternateName\":\"Hoetger-Hof\",\"potentialAction\":[{\"@type\":\"SearchAction\",\"target\":{\"@type\":\"EntryPoint\",\"urlTemplate\":\"https:\/\/hoetgerhof.de\/?s={search_term_string}\"},\"query-input\":{\"@type\":\"PropertyValueSpecification\",\"valueRequired\":true,\"valueName\":\"search_term_string\"}}],\"inLanguage\":\"de\"},{\"@type\":\"Organization\",\"@id\":\"https:\/\/hoetgerhof.de\/#organization\",\"name\":\"Hoetgerhof\",\"url\":\"https:\/\/hoetgerhof.de\/\",\"logo\":{\"@type\":\"ImageObject\",\"inLanguage\":\"de\",\"@id\":\"https:\/\/hoetgerhof.de\/#\/schema\/logo\/image\/\",\"url\":\"https:\/\/hoetgerhof.de\/wp-content\/uploads\/2023\/11\/logo-e1700490971619.png\",\"contentUrl\":\"https:\/\/hoetgerhof.de\/wp-content\/uploads\/2023\/11\/logo-e1700490971619.png\",\"width\":1345,\"height\":670,\"caption\":\"Hoetgerhof\"},\"image\":{\"@id\":\"https:\/\/hoetgerhof.de\/#\/schema\/logo\/image\/\"}}]}<\/script>\n<!-- \/ Yoast SEO plugin. -->","yoast_head_json":{"title":"Kontakt - Hoetgerhof","description":"Kontakt - Hoetgerhof","robots":{"index":"index","follow":"follow","max-snippet":"max-snippet:-1","max-image-preview":"max-image-preview:large","max-video-preview":"max-video-preview:-1"},"canonical":"https:\/\/hoetgerhof.de\/index.php\/kontakt\/","og_locale":"de_DE","og_type":"article","og_title":"Kontakt - Hoetgerhof","og_description":"Kontakt - Hoetgerhof","og_url":"https:\/\/hoetgerhof.de\/index.php\/kontakt\/","og_site_name":"Hoetgerhof","article_modified_time":"2024-09-19T15:21:51+00:00","og_image":[{"width":2300,"height":923,"url":"https:\/\/hoetgerhof.de\/wp-content\/uploads\/2023\/11\/logo-2.png","type":"image\/png"}],"twitter_card":"summary_large_image","twitter_misc":{"Gesch\u00e4tzte Lesezeit":"1\u00a0Minute"},"schema":{"@context":"https:\/\/schema.org","@graph":[{"@type":"WebPage","@id":"https:\/\/hoetgerhof.de\/index.php\/kontakt\/","url":"https:\/\/hoetgerhof.de\/index.php\/kontakt\/","name":"Kontakt - Hoetgerhof","isPartOf":{"@id":"https:\/\/hoetgerhof.de\/#website"},"datePublished":"2024-02-14T10:29:07+00:00","dateModified":"2024-09-19T15:21:51+00:00","description":"Kontakt - Hoetgerhof","breadcrumb":{"@id":"https:\/\/hoetgerhof.de\/index.php\/kontakt\/#breadcrumb"},"inLanguage":"de","potentialAction":[{"@type":"ReadAction","target":["https:\/\/hoetgerhof.de\/index.php\/kontakt\/"]}]},{"@type":"BreadcrumbList","@id":"https:\/\/hoetgerhof.de\/index.php\/kontakt\/#breadcrumb","itemListElement":[{"@type":"ListItem","position":1,"name":"Startseite","item":"https:\/\/hoetgerhof.de\/"},{"@type":"ListItem","position":2,"name":"Kontakt"}]},{"@type":"WebSite","@id":"https:\/\/hoetgerhof.de\/#website","url":"https:\/\/hoetgerhof.de\/","name":"Hoetgerhof","description":"Urlaub im begehbaren Kunstwerk","publisher":{"@id":"https:\/\/hoetgerhof.de\/#organization"},"alternateName":"Hoetger-Hof","potentialAction":[{"@type":"SearchAction","target":{"@type":"EntryPoint","urlTemplate":"https:\/\/hoetgerhof.de\/?s={search_term_string}"},"query-input":{"@type":"PropertyValueSpecification","valueRequired":true,"valueName":"search_term_string"}}],"inLanguage":"de"},{"@type":"Organization","@id":"https:\/\/hoetgerhof.de\/#organization","name":"Hoetgerhof","url":"https:\/\/hoetgerhof.de\/","logo":{"@type":"ImageObject","inLanguage":"de","@id":"https:\/\/hoetgerhof.de\/#\/schema\/logo\/image\/","url":"https:\/\/hoetgerhof.de\/wp-content\/uploads\/2023\/11\/logo-e1700490971619.png","contentUrl":"https:\/\/hoetgerhof.de\/wp-content\/uploads\/2023\/11\/logo-e1700490971619.png","width":1345,"height":670,"caption":"Hoetgerhof"},"image":{"@id":"https:\/\/hoetgerhof.de\/#\/schema\/logo\/image\/"}}]}},"_links":{"self":[{"href":"https:\/\/hoetgerhof.de\/index.php\/wp-json\/wp\/v2\/pages\/498","targetHints":{"allow":["GET"]}}],"collection":[{"href":"https:\/\/hoetgerhof.de\/index.php\/wp-json\/wp\/v2\/pages"}],"about":[{"href":"https:\/\/hoetgerhof.de\/index.php\/wp-json\/wp\/v2\/types\/page"}],"author":[{"embeddable":true,"href":"https:\/\/hoetgerhof.de\/index.php\/wp-json\/wp\/v2\/users\/1"}],"replies":[{"embeddable":true,"href":"https:\/\/hoetgerhof.de\/index.php\/wp-json\/wp\/v2\/comments?post=498"}],"version-history":[{"count":10,"href":"https:\/\/hoetgerhof.de\/index.php\/wp-json\/wp\/v2\/pages\/498\/revisions"}],"predecessor-version":[{"id":703,"href":"https:\/\/hoetgerhof.de\/index.php\/wp-json\/wp\/v2\/pages\/498\/revisions\/703"}],"wp:attachment":[{"href":"https:\/\/hoetgerhof.de\/index.php\/wp-json\/wp\/v2\/media?parent=498"}],"curies":[{"name":"wp","href":"https:\/\/api.w.org\/{rel}","templated":true}]}}